

{"id":96,"date":"2025-01-03T10:54:30","date_gmt":"2025-01-03T10:54:30","guid":{"rendered":"https:\/\/nordicolie.eu\/?post_type=product&#038;p=96"},"modified":"2025-01-10T10:23:37","modified_gmt":"2025-01-10T10:23:37","slug":"aceite-esencial-de-romero-100-puro-vitalidad-y-bienestar-natural","status":"publish","type":"product","link":"https:\/\/nordicolie.eu\/?product=aceite-esencial-de-romero-100-puro-vitalidad-y-bienestar-natural","title":{"rendered":"Eterisk olja av rosmarin 100% ren &#8211; Natural Vitality &#038; Wellbeing"},"content":{"rendered":"<p>100% ren eterisk rosmarinolja \u00e4r en m\u00e5ngsidig produkt full av f\u00f6rdelar f\u00f6r ditt fysiska och mentala v\u00e4lbefinnande. Med sin fr\u00e4scha, \u00f6rtiga doft \u00e4r den k\u00e4nd f\u00f6r att stimulera koncentrationen, lindra sp\u00e4nningar och st\u00e4rka h\u00e5ret. Denna olja utvinns noggrant genom \u00e5ngdestillation f\u00f6r att s\u00e4kerst\u00e4lla dess renhet och kvalitet.<\/p>\n<p>Huvudsakliga anv\u00e4ndningsomr\u00e5den:<\/p>\n<p>Aromaterapi: Sprid f\u00f6r att f\u00f6rb\u00e4ttra koncentration, minne och minska mental tr\u00f6tthet.<br \/>\nH\u00e5rv\u00e5rd: Tills\u00e4tt i ditt schampo eller i din b\u00e4rarolja f\u00f6r att st\u00e4rka h\u00e5ret och motverka h\u00e5ravfall.<br \/>\nAvslappning: Anv\u00e4nd den i massage f\u00f6r att lindra muskelv\u00e4rk och sp\u00e4nningar.<\/p>\n<p>Egenskaper:<\/p>\n<p>100% ren och fri fr\u00e5n tillsatser och kemikalier.<br \/>\nL\u00e5ngvarig frisk och \u00f6rtig arom.<br \/>\nPresenteras i en m\u00f6rk glasflaska f\u00f6r att skydda dess kvalitet.<\/p>\n<p>Inf\u00f6rliva eterisk rosmarinolja i din dagliga rutin och njut av dess otroliga f\u00f6rdelar f\u00f6r sinne, kropp och h\u00e5r &#8211; en viktig produkt f\u00f6r en h\u00e4lsosam livsstil!<\/p>\n","protected":false},"excerpt":{"rendered":"<p>Uppt\u00e4ck den vitaliserande kraften hos eterisk olja av rosmarin, 100% ren och naturlig. Perfekt f\u00f6r aromaterapi, h\u00e5rv\u00e5rd och massage. Dess \u00f6rtiga doft stimulerar kropp och sj\u00e4l.<\/p>\n","protected":false},"featured_media":74,"comment_status":"open","ping_status":"closed","template":"","meta":[],"product_brand":[],"product_cat":[15],"product_tag":[],"class_list":{"0":"post-96","1":"product","2":"type-product","3":"status-publish","4":"has-post-thumbnail","6":"product_cat-uncategorized","8":"first","9":"instock","10":"shipping-taxable","11":"purchasable","12":"product-type-simple"},"_links":{"self":[{"href":"https:\/\/nordicolie.eu\/index.php?rest_route=\/wp\/v2\/product\/96","targetHints":{"allow":["GET"]}}],"collection":[{"href":"https:\/\/nordicolie.eu\/index.php?rest_route=\/wp\/v2\/product"}],"about":[{"href":"https:\/\/nordicolie.eu\/index.php?rest_route=\/wp\/v2\/types\/product"}],"replies":[{"embeddable":true,"href":"https:\/\/nordicolie.eu\/index.php?rest_route=%2Fwp%2Fv2%2Fcomments&post=96"}],"wp:featuredmedia":[{"embeddable":true,"href":"https:\/\/nordicolie.eu\/index.php?rest_route=\/wp\/v2\/media\/74"}],"wp:attachment":[{"href":"https:\/\/nordicolie.eu\/index.php?rest_route=%2Fwp%2Fv2%2Fmedia&parent=96"}],"wp:term":[{"taxonomy":"product_brand","embeddable":true,"href":"https:\/\/nordicolie.eu\/index.php?rest_route=%2Fwp%2Fv2%2Fproduct_brand&post=96"},{"taxonomy":"product_cat","embeddable":true,"href":"https:\/\/nordicolie.eu\/index.php?rest_route=%2Fwp%2Fv2%2Fproduct_cat&post=96"},{"taxonomy":"product_tag","embeddable":true,"href":"https:\/\/nordicolie.eu\/index.php?rest_route=%2Fwp%2Fv2%2Fproduct_tag&post=96"}],"curies":[{"name":"wp","href":"https:\/\/api.w.org\/{rel}","templated":true}]}}