

{"id":94,"date":"2025-01-03T10:52:56","date_gmt":"2025-01-03T10:52:56","guid":{"rendered":"https:\/\/nordicolie.eu\/?post_type=product&#038;p=94"},"modified":"2025-01-10T10:24:25","modified_gmt":"2025-01-10T10:24:25","slug":"aceite-esencial-de-lavanda-100-puro-relajacion-natural","status":"publish","type":"product","link":"https:\/\/nordicolie.eu\/?product=aceite-esencial-de-lavanda-100-puro-relajacion-natural","title":{"rendered":"100% ren eterisk lavendelolja &#8211; naturlig avslappning"},"content":{"rendered":"<p>100 % ren eterisk lavendelolja \u00e4r ett m\u00e5ste i alla hem. K\u00e4nd f\u00f6r sina avslappnande egenskaper och f\u00f6rm\u00e5ga att fr\u00e4mja k\u00e4nslom\u00e4ssigt v\u00e4lbefinnande, \u00e4r denna olja perfekt f\u00f6r dem som s\u00f6ker balans och lugn. Extraherad fr\u00e5n f\u00e4rska blommor genom \u00e5ngdestillation garanterar den h\u00f6gsta kvalitet och renhet.<\/p>\n<p>Huvudsakliga anv\u00e4ndningsomr\u00e5den:<\/p>\n<p>Aromaterapi: Sprid i ditt hem f\u00f6r att minska stress och f\u00f6rb\u00e4ttra s\u00f6mnen.<br \/>\nPersonlig v\u00e5rd: Tills\u00e4tt i ditt bad eller blanda med en b\u00e4rarolja f\u00f6r avslappnande massage.<br \/>\nFr\u00e4sch atmosf\u00e4r: Anv\u00e4nd den som en naturlig doft f\u00f6r att vitalisera dina utrymmen.<\/p>\n<p>Egenskaper:<\/p>\n<p>100% ren och naturlig, inga tillsatser eller kemikalier.<br \/>\nMild, fr\u00e4sch blomdoft.<br \/>\nPresenteras i en m\u00f6rk glasflaska f\u00f6r att bevara dess kvalitet.<\/p>\n<p>F\u00f6r\u00e4ndra din dagliga rutin med den lugnande och f\u00f6ryngrande effekten av eterisk lavendelolja &#8211; en perfekt present till dig eller dina n\u00e4ra och k\u00e4ra!<\/p>\n","protected":false},"excerpt":{"rendered":"<p>Uppt\u00e4ck den lugnande kraften hos eterisk lavendelolja, 100% ren och naturlig. Idealisk f\u00f6r aromaterapi, avslappning och personlig v\u00e5rd. Dess mjuka, blommiga doft f\u00f6rvandlar alla utrymmen till en oas av lugn och ro.<\/p>\n","protected":false},"featured_media":75,"comment_status":"open","ping_status":"closed","template":"","meta":[],"product_brand":[],"product_cat":[15],"product_tag":[],"class_list":{"0":"post-94","1":"product","2":"type-product","3":"status-publish","4":"has-post-thumbnail","6":"product_cat-uncategorized","8":"first","9":"instock","10":"shipping-taxable","11":"purchasable","12":"product-type-simple"},"_links":{"self":[{"href":"https:\/\/nordicolie.eu\/index.php?rest_route=\/wp\/v2\/product\/94","targetHints":{"allow":["GET"]}}],"collection":[{"href":"https:\/\/nordicolie.eu\/index.php?rest_route=\/wp\/v2\/product"}],"about":[{"href":"https:\/\/nordicolie.eu\/index.php?rest_route=\/wp\/v2\/types\/product"}],"replies":[{"embeddable":true,"href":"https:\/\/nordicolie.eu\/index.php?rest_route=%2Fwp%2Fv2%2Fcomments&post=94"}],"wp:featuredmedia":[{"embeddable":true,"href":"https:\/\/nordicolie.eu\/index.php?rest_route=\/wp\/v2\/media\/75"}],"wp:attachment":[{"href":"https:\/\/nordicolie.eu\/index.php?rest_route=%2Fwp%2Fv2%2Fmedia&parent=94"}],"wp:term":[{"taxonomy":"product_brand","embeddable":true,"href":"https:\/\/nordicolie.eu\/index.php?rest_route=%2Fwp%2Fv2%2Fproduct_brand&post=94"},{"taxonomy":"product_cat","embeddable":true,"href":"https:\/\/nordicolie.eu\/index.php?rest_route=%2Fwp%2Fv2%2Fproduct_cat&post=94"},{"taxonomy":"product_tag","embeddable":true,"href":"https:\/\/nordicolie.eu\/index.php?rest_route=%2Fwp%2Fv2%2Fproduct_tag&post=94"}],"curies":[{"name":"wp","href":"https:\/\/api.w.org\/{rel}","templated":true}]}}